{"id":92,"date":"2021-05-17T21:32:58","date_gmt":"2021-05-17T19:32:58","guid":{"rendered":"https:\/\/intrasoft.net\/?page_id=92"},"modified":"2021-05-17T23:57:33","modified_gmt":"2021-05-17T21:57:33","slug":"services","status":"publish","type":"page","link":"https:\/\/intrasoft.net\/?page_id=92","title":{"rendered":"Services"},"content":{"rendered":"\n<ul class=\"wp-block-list\"><li><strong>Consultation r\u00e9seau<\/strong><br>Avec une exp\u00e9rience de pr\u00e8s de 20 ann\u00e9es, il est partie int\u00e9grante que l&rsquo;\u00e9quipe d&rsquo;Intrasoft soit en mesure d&rsquo;offrir ce type d&rsquo;expertise. C&rsquo;est \u00e0 partir de ce service que l&rsquo;entreprise a d\u00e9termin\u00e9 les solutions de son porte-folio.<br>&nbsp;<\/li><li><strong>Administration r\u00e9seau et gestion<\/strong><br>Lorsque les r\u00e9seaux sont en place, il faut pouvoir les administrer et les entretenir ad\u00e9quatement. Il faut toujours rester \u00e0 l&rsquo;aff\u00fbt des derni\u00e8res nouveaut\u00e9s et des risques en mati\u00e8re de s\u00e9curit\u00e9 informatique.<br>&nbsp;<\/li><li><strong>Implantation de solutions et formation<\/strong><br>Toutes les solutions offertes chez Intrasoft s&rsquo;accompagnent de services d&rsquo;implantation, support et formation. C&rsquo;est l&rsquo;unique fa\u00e7on d&rsquo;obtenir de la valeur ajout\u00e9e.<\/li><\/ul>\n","protected":false},"excerpt":{"rendered":"<p>Consultation r\u00e9seauAvec une exp\u00e9rience de pr\u00e8s de 20 ann\u00e9es, il est partie int\u00e9grante que l&rsquo;\u00e9quipe d&rsquo;Intrasoft soit en mesure d&rsquo;offrir ce type d&rsquo;expertise. C&rsquo;est \u00e0 partir de ce service que l&rsquo;entreprise a d\u00e9termin\u00e9 les solutions de son porte-folio.&nbsp; Administration r\u00e9seau et gestionLorsque les r\u00e9seaux sont en place, il faut pouvoir [&hellip;]<\/p>\n","protected":false},"author":1,"featured_media":0,"parent":0,"menu_order":0,"comment_status":"closed","ping_status":"closed","template":"","meta":{"footnotes":""},"class_list":["post-92","page","type-page","status-publish","hentry"],"_links":{"self":[{"href":"https:\/\/intrasoft.net\/index.php?rest_route=\/wp\/v2\/pages\/92","targetHints":{"allow":["GET"]}}],"collection":[{"href":"https:\/\/intrasoft.net\/index.php?rest_route=\/wp\/v2\/pages"}],"about":[{"href":"https:\/\/intrasoft.net\/index.php?rest_route=\/wp\/v2\/types\/page"}],"author":[{"embeddable":true,"href":"https:\/\/intrasoft.net\/index.php?rest_route=\/wp\/v2\/users\/1"}],"replies":[{"embeddable":true,"href":"https:\/\/intrasoft.net\/index.php?rest_route=%2Fwp%2Fv2%2Fcomments&post=92"}],"version-history":[{"count":2,"href":"https:\/\/intrasoft.net\/index.php?rest_route=\/wp\/v2\/pages\/92\/revisions"}],"predecessor-version":[{"id":179,"href":"https:\/\/intrasoft.net\/index.php?rest_route=\/wp\/v2\/pages\/92\/revisions\/179"}],"wp:attachment":[{"href":"https:\/\/intrasoft.net\/index.php?rest_route=%2Fwp%2Fv2%2Fmedia&parent=92"}],"curies":[{"name":"wp","href":"https:\/\/api.w.org\/{rel}","templated":true}]}}