{"id":45,"date":"2021-05-19T18:16:19","date_gmt":"2021-05-19T16:16:19","guid":{"rendered":"https:\/\/intrasoft.net\/?page_id=45"},"modified":"2021-07-07T16:06:07","modified_gmt":"2021-07-07T14:06:07","slug":"creez-votre-site-avec-des-blocs","status":"publish","type":"page","link":"https:\/\/intrasoft.net\/","title":{"rendered":""},"content":{"rendered":"\n<div class=\"wp-block-group\"><div class=\"wp-block-group__inner-container is-layout-flow wp-block-group-is-layout-flow\">\n<p><strong>Depuis sa fondation en 1997, Solutions Intrasoft&nbsp;<\/strong>a toujours conserv\u00e9 le focus sur la recherche de solutions sp\u00e9cialis\u00e9es qui permettent aux entreprises de tirer profit de la technologie. Passionn\u00e9s par les r\u00e9seaux informatiques de petites \u00e0 grandes tailles, les dirigeants d&rsquo;Intrasoft ont avec le temps ajout\u00e9 plusieurs solutions \u00e0 leur porte-folio.<\/p>\n\n\n\n<p>&nbsp;Avec Solution Intrasoft, chaque solution propos\u00e9e s&rsquo;accompagne, si d\u00e9sir\u00e9, de la mise en route, support, formation et suivi avec une \u00e9quipe de gens comp\u00e9tents et actifs dans leur milieu.<\/p>\n\n\n\n<p>Notre mission consiste \u00e0 assister les entreprises \u00e0 tirer profit des technologies futures<\/p>\n<\/div><\/div>\n\n\n\n<hr class=\"wp-block-separator\"\/>\n\n\n\n<div class=\"wp-block-file aligncenter\"><a href=\"https:\/\/intrasoft.net\/wp-content\/uploads\/2021\/07\/Cascades_cs.pdf\">\u00c9tude de cas: Cascades Groupe Tissu<\/a><a href=\"https:\/\/intrasoft.net\/wp-content\/uploads\/2021\/07\/Cascades_cs.pdf\" class=\"wp-block-file__button\" download>T\u00e9l\u00e9charger<\/a><\/div>\n\n\n\n<figure class=\"wp-block-gallery aligncenter columns-1 wp-block-gallery-1 is-layout-flex wp-block-gallery-is-layout-flex\"><ul class=\"blocks-gallery-grid\"><li class=\"blocks-gallery-item\"><figure><img loading=\"lazy\" decoding=\"async\" width=\"561\" height=\"220\" src=\"https:\/\/intrasoft.net\/wp-content\/uploads\/2021\/07\/cropped-start_13.jpg\" alt=\"\" data-id=\"392\" data-full-url=\"https:\/\/intrasoft.net\/wp-content\/uploads\/2021\/07\/cropped-start_13.jpg\" data-link=\"https:\/\/intrasoft.net\/?attachment_id=392\" class=\"wp-image-392\" srcset=\"https:\/\/intrasoft.net\/wp-content\/uploads\/2021\/07\/cropped-start_13.jpg 561w, https:\/\/intrasoft.net\/wp-content\/uploads\/2021\/07\/cropped-start_13-300x118.jpg 300w\" sizes=\"auto, (max-width: 561px) 100vw, 561px\" \/><\/figure><\/li><\/ul><\/figure>\n\n\n\n<p><\/p>\n\n\n\n<p><\/p>\n","protected":false},"excerpt":{"rendered":"<p>Depuis sa fondation en 1997, Solutions Intrasoft&nbsp;a toujours conserv\u00e9 le focus sur la recherche de solutions sp\u00e9cialis\u00e9es qui permettent aux entreprises de tirer profit de la technologie. Passionn\u00e9s par les r\u00e9seaux informatiques de petites \u00e0 grandes tailles, les dirigeants d&rsquo;Intrasoft ont avec le temps ajout\u00e9 plusieurs solutions \u00e0 leur porte-folio. [&hellip;]<\/p>\n","protected":false},"author":1,"featured_media":75,"parent":0,"menu_order":0,"comment_status":"closed","ping_status":"closed","template":"","meta":{"footnotes":""},"class_list":["post-45","page","type-page","status-publish","has-post-thumbnail","hentry"],"_links":{"self":[{"href":"https:\/\/intrasoft.net\/index.php?rest_route=\/wp\/v2\/pages\/45","targetHints":{"allow":["GET"]}}],"collection":[{"href":"https:\/\/intrasoft.net\/index.php?rest_route=\/wp\/v2\/pages"}],"about":[{"href":"https:\/\/intrasoft.net\/index.php?rest_route=\/wp\/v2\/types\/page"}],"author":[{"embeddable":true,"href":"https:\/\/intrasoft.net\/index.php?rest_route=\/wp\/v2\/users\/1"}],"replies":[{"embeddable":true,"href":"https:\/\/intrasoft.net\/index.php?rest_route=%2Fwp%2Fv2%2Fcomments&post=45"}],"version-history":[{"count":85,"href":"https:\/\/intrasoft.net\/index.php?rest_route=\/wp\/v2\/pages\/45\/revisions"}],"predecessor-version":[{"id":453,"href":"https:\/\/intrasoft.net\/index.php?rest_route=\/wp\/v2\/pages\/45\/revisions\/453"}],"wp:featuredmedia":[{"embeddable":true,"href":"https:\/\/intrasoft.net\/index.php?rest_route=\/wp\/v2\/media\/75"}],"wp:attachment":[{"href":"https:\/\/intrasoft.net\/index.php?rest_route=%2Fwp%2Fv2%2Fmedia&parent=45"}],"curies":[{"name":"wp","href":"https:\/\/api.w.org\/{rel}","templated":true}]}}